{"id":1800,"date":"2020-08-11T10:18:06","date_gmt":"2020-08-11T08:18:06","guid":{"rendered":"http:\/\/www.pecpisz.pl\/?page_id=1800"},"modified":"2020-08-11T11:14:43","modified_gmt":"2020-08-11T09:14:43","slug":"popiol-a-ochrona-srodowiska","status":"publish","type":"page","link":"https:\/\/www.pecpisz.pl\/?page_id=1800","title":{"rendered":"Rolnicze zagospodarowanie popio\u0142u"},"content":{"rendered":"<p>Informacje na temat przepis\u00f3w ochrony \u015brodowiska zwi\u0105zanych z rolniczym zagospodarowaniem popio\u0142u o kodzie 10 01 03:<\/p>\n<p>Mo\u017cliwo\u015b\u0107 wykorzystania popio\u0142u ze spalania biomasy na cele rolnicze, uzale\u017cniona jest od tego, czy Odbiorca popio\u0142u posiada zezwolenie na prowadzenie dzia\u0142alno\u015bci w zakresie gospodarowania odpadami. Sprawd\u017a\u00a0\u00a0 jak uzyska\u0107 niezb\u0119dne zezwolenie klikaj\u0105c odno\u015bnik:<\/p>\n<p><a href=\"http:\/\/www.pecpisz.pl\/?attachment_id=1803\" rel=\"attachment wp-att-1803\">Odzysk_R10_10.08.20<\/a><\/p>\n<p>&nbsp;<\/p>\n<hr \/>\n","protected":false},"excerpt":{"rendered":"<p>Informacje na temat przepis\u00f3w ochrony \u015brodowiska zwi\u0105zanych z rolniczym zagospodarowaniem popio\u0142u o kodzie 10 01 03: Mo\u017cliwo\u015b\u0107 wykorzystania popio\u0142u ze spalania biomasy na cele rolnicze, uzale\u017cniona jest od tego, czy Odbiorca popio\u0142u posiada zezwolenie na prowadzenie dzia\u0142alno\u015bci w zakresie gospodarowania odpadami. Sprawd\u017a\u00a0\u00a0 jak uzyska\u0107 niezb\u0119dne zezwolenie klikaj\u0105c odno\u015bnik: Odzysk_R10_10.08.20 &nbsp;<\/p>\n","protected":false},"author":6,"featured_media":0,"parent":0,"menu_order":0,"comment_status":"closed","ping_status":"closed","template":"","meta":{"footnotes":""},"categories":[18],"tags":[],"class_list":["post-1800","page","type-page","status-publish","hentry","category-popiol"],"_links":{"self":[{"href":"https:\/\/www.pecpisz.pl\/index.php?rest_route=\/wp\/v2\/pages\/1800","targetHints":{"allow":["GET"]}}],"collection":[{"href":"https:\/\/www.pecpisz.pl\/index.php?rest_route=\/wp\/v2\/pages"}],"about":[{"href":"https:\/\/www.pecpisz.pl\/index.php?rest_route=\/wp\/v2\/types\/page"}],"author":[{"embeddable":true,"href":"https:\/\/www.pecpisz.pl\/index.php?rest_route=\/wp\/v2\/users\/6"}],"replies":[{"embeddable":true,"href":"https:\/\/www.pecpisz.pl\/index.php?rest_route=%2Fwp%2Fv2%2Fcomments&post=1800"}],"version-history":[{"count":8,"href":"https:\/\/www.pecpisz.pl\/index.php?rest_route=\/wp\/v2\/pages\/1800\/revisions"}],"predecessor-version":[{"id":1810,"href":"https:\/\/www.pecpisz.pl\/index.php?rest_route=\/wp\/v2\/pages\/1800\/revisions\/1810"}],"wp:attachment":[{"href":"https:\/\/www.pecpisz.pl\/index.php?rest_route=%2Fwp%2Fv2%2Fmedia&parent=1800"}],"wp:term":[{"taxonomy":"category","embeddable":true,"href":"https:\/\/www.pecpisz.pl\/index.php?rest_route=%2Fwp%2Fv2%2Fcategories&post=1800"},{"taxonomy":"post_tag","embeddable":true,"href":"https:\/\/www.pecpisz.pl\/index.php?rest_route=%2Fwp%2Fv2%2Ftags&post=1800"}],"curies":[{"name":"wp","href":"https:\/\/api.w.org\/{rel}","templated":true}]}}