{"id":2691,"date":"2024-10-01T18:10:17","date_gmt":"2024-10-01T16:10:17","guid":{"rendered":"https:\/\/www.pecpisz.pl\/?page_id=2691"},"modified":"2024-10-01T18:26:12","modified_gmt":"2024-10-01T16:26:12","slug":"podpisanie-umowy-o-dofinansowanie-z-narodowym-funduszem-ochrony-srodowiska-i-gospodarki-wodnej-2","status":"publish","type":"page","link":"https:\/\/www.pecpisz.pl\/?page_id=2691","title":{"rendered":"PODPISANIE UMOWY O DOFINANSOWANIE Z NARODOWYM FUNDUSZEM OCHRONY \u015aRODOWISKA I GOSPODARKI WODNEJ"},"content":{"rendered":"\n<p>W dniu 22.03.2023r. w siedzibie Narodowego Funduszu Ochrony \u015arodowiska i Gospodarki Wodnej w Warszawie, Prezes Zarz\u0105du Przedsi\u0119biorstwa Energetyki Cieplnej Sp. z o.o. w Piszu, podpisa\u0142 umow\u0119 o dofinansowanie inwestycji pn. <strong><em>\u201eBudowa sieci ciep\u0142owniczej do projektowanego osiedla \u201eWsch\u00f3d 2\u201d \u2013 etap 1\u201d<\/em><\/strong>. Dofinansowanie pochodzi z programu priorytetowego 5.9 \u201eCiep\u0142ownictwo powiatowe\u201d, kt\u00f3rego celem jest zmniejszenie negatywnego oddzia\u0142ywania przedsi\u0119biorstw ciep\u0142owniczych na \u015brodowisko, w tym poprawa jako\u015bci powietrza, poprzez wsparcie przedsi\u0119wzi\u0119\u0107 inwestycyjnych.<\/p>\n\n\n\n<p>Przedsi\u0119biorstwo uzyska\u0142o dofinansowanie z NFO\u015aiGW w postaci dotacji oraz po\u017cyczki.<\/p>\n\n\n<div class=\"wp-block-image\">\n<figure class=\"alignright size-large is-resized\"><img loading=\"lazy\" decoding=\"async\" width=\"1024\" height=\"328\" src=\"https:\/\/www.pecpisz.pl\/wp-content\/uploads\/2023\/06\/logotyp-12-1024x328.jpg\" alt=\"\" class=\"wp-image-2508\" style=\"width:246px;height:80px\" srcset=\"https:\/\/www.pecpisz.pl\/wp-content\/uploads\/2023\/06\/logotyp-12-1024x328.jpg 1024w, https:\/\/www.pecpisz.pl\/wp-content\/uploads\/2023\/06\/logotyp-12-400x128.jpg 400w, https:\/\/www.pecpisz.pl\/wp-content\/uploads\/2023\/06\/logotyp-12-768x246.jpg 768w, https:\/\/www.pecpisz.pl\/wp-content\/uploads\/2023\/06\/logotyp-12-1536x492.jpg 1536w, https:\/\/www.pecpisz.pl\/wp-content\/uploads\/2023\/06\/logotyp-12-94x30.jpg 94w, https:\/\/www.pecpisz.pl\/wp-content\/uploads\/2023\/06\/logotyp-12.jpg 2009w\" sizes=\"auto, (max-width: 1024px) 100vw, 1024px\" \/><\/figure>\n<\/div>\n\n\n<p>Warto\u015b\u0107 inwestycji:\u00a0\u00a0 <strong>1\u00a0751\u00a0308,16 PLN<\/strong><\/p>\n\n\n\n<p>Dotacja NFO\u015aiGW:\u00a0\u00a0 <strong>420\u00a0213,55 PLN<\/strong><\/p>\n\n\n\n<p>Po\u017cyczka NFO\u015aiGW:\u00a0\u00a0 <strong>945\u00a0645,00 PLN<\/strong><\/p>\n\n\n\n<p><\/p>\n\n\n\n<p>Termin realizacji inwestycji zaplanowano na koniec wrze\u015bnia 2024 roku.<\/p>\n\n\n\n<p>Zadaniem projektowanej sieci ciep\u0142owniczej jest dostarczenie energii cieplnej z istniej\u0105cej Ciep\u0142owni miejskiej opalanej biomas\u0105, zlokalizowanej przy ul. Jagodnej 1C do obszaru, na kt\u00f3rym ma powsta\u0107 nowe osiedle mieszkaniowe dom\u00f3w jednorodzinnych i wielorodzinnych tzw. osiedle \u201eWsch\u00f3d 2\u201d. Inwestycja zostanie zrealizowana w dw\u00f3ch etapach.<\/p>\n\n\n\n<p>Pierwszy etap projektu zak\u0142ada budow\u0119 wysokoparametrowej sieci ciep\u0142owniczej o d\u0142. ok. 795m i \u015brednicy nominalnej DN50 \u2013 DN125. Nowo wybudowana sie\u0107 zostanie w\u0142\u0105czona w istniej\u0105c\u0105 magistral\u0119 ciep\u0142ownicz\u0105 o \u015brednicy DN 300, wykonan\u0105 w technologii rur preizolowanych.<\/p>\n\n\n\n<p>Zadaniem Przedsi\u0119biorstwa Energetyki Cieplnej jest dostarczanie ciep\u0142a mieszka\u0144com Pisza. Aby realizowa\u0107 ten cel, konieczny jest ci\u0105g\u0142y rozw\u00f3j infrastruktury, kt\u00f3ry m.in. umo\u017cliwi przy\u0142\u0105czenia do miejskiej sieci ciep\u0142owniczej w rozwijaj\u0105cych si\u0119 cz\u0119\u015bciach miasta. Dzi\u0119ki bogatej infrastrukturze technicznej, miasto staje si\u0119 przyjazne dla mieszka\u0144c\u00f3w a powstaj\u0105ce nowe osiedla z miejskim \u017ar\u00f3d\u0142em ciep\u0142a wp\u0142ywaj\u0105 znacz\u0105co na rozw\u00f3j miasta oraz zwi\u0119kszaj\u0105 imigracj\u0119.<\/p>\n\n\n\n<figure class=\"wp-block-image size-large\"><img loading=\"lazy\" decoding=\"async\" width=\"1024\" height=\"496\" src=\"https:\/\/www.pecpisz.pl\/wp-content\/uploads\/2024\/10\/Siec_biala-1024x496.jpg\" alt=\"\" class=\"wp-image-2695\" srcset=\"https:\/\/www.pecpisz.pl\/wp-content\/uploads\/2024\/10\/Siec_biala-1024x496.jpg 1024w, https:\/\/www.pecpisz.pl\/wp-content\/uploads\/2024\/10\/Siec_biala-400x194.jpg 400w, https:\/\/www.pecpisz.pl\/wp-content\/uploads\/2024\/10\/Siec_biala-768x372.jpg 768w, https:\/\/www.pecpisz.pl\/wp-content\/uploads\/2024\/10\/Siec_biala-1536x744.jpg 1536w, https:\/\/www.pecpisz.pl\/wp-content\/uploads\/2024\/10\/Siec_biala-94x46.jpg 94w, https:\/\/www.pecpisz.pl\/wp-content\/uploads\/2024\/10\/Siec_biala.bmp 1900w\" sizes=\"auto, (max-width: 1024px) 100vw, 1024px\" \/><\/figure>\n\n\n\n<p>Planowane w ramach projektu dzia\u0142ania poskutkuj\u0105 zwi\u0119kszeniem liczby odbiorc\u00f3w ciep\u0142a sieciowego, a przez to wp\u0142yn\u0105 na ograniczenie emisji substancji negatywnych do \u015brodowiska. Mo\u017cliwo\u015b\u0107 pozyskania ciep\u0142a sieciowego wyeliminuje z u\u017cytku niekorzystne dla \u015brodowiska \u017ar\u00f3d\u0142a jego pozyskiwania. Wynika to z braku konieczno\u015bci stosowania tradycyjnych, wysokoemisyjnych \u017ar\u00f3de\u0142 ciep\u0142a.<\/p>\n","protected":false},"excerpt":{"rendered":"<p>W dniu 22.03.2023r. w siedzibie Narodowego Funduszu Ochrony \u015arodowiska i Gospodarki Wodnej w Warszawie, Prezes Zarz\u0105du Przedsi\u0119biorstwa Energetyki Cieplnej Sp. z o.o. w Piszu, podpisa\u0142 umow\u0119 o dofinansowanie inwestycji pn. \u201eBudowa sieci ciep\u0142owniczej do projektowanego osiedla \u201eWsch\u00f3d 2\u201d \u2013 etap 1\u201d. Dofinansowanie pochodzi z programu priorytetowego 5.9 \u201eCiep\u0142ownictwo powiatowe\u201d, kt\u00f3rego celem jest zmniejszenie negatywnego oddzia\u0142ywania [&hellip;]<\/p>\n","protected":false},"author":11,"featured_media":0,"parent":0,"menu_order":0,"comment_status":"closed","ping_status":"closed","template":"","meta":{"footnotes":""},"categories":[],"tags":[],"class_list":["post-2691","page","type-page","status-publish","hentry"],"_links":{"self":[{"href":"https:\/\/www.pecpisz.pl\/index.php?rest_route=\/wp\/v2\/pages\/2691","targetHints":{"allow":["GET"]}}],"collection":[{"href":"https:\/\/www.pecpisz.pl\/index.php?rest_route=\/wp\/v2\/pages"}],"about":[{"href":"https:\/\/www.pecpisz.pl\/index.php?rest_route=\/wp\/v2\/types\/page"}],"author":[{"embeddable":true,"href":"https:\/\/www.pecpisz.pl\/index.php?rest_route=\/wp\/v2\/users\/11"}],"replies":[{"embeddable":true,"href":"https:\/\/www.pecpisz.pl\/index.php?rest_route=%2Fwp%2Fv2%2Fcomments&post=2691"}],"version-history":[{"count":4,"href":"https:\/\/www.pecpisz.pl\/index.php?rest_route=\/wp\/v2\/pages\/2691\/revisions"}],"predecessor-version":[{"id":2701,"href":"https:\/\/www.pecpisz.pl\/index.php?rest_route=\/wp\/v2\/pages\/2691\/revisions\/2701"}],"wp:attachment":[{"href":"https:\/\/www.pecpisz.pl\/index.php?rest_route=%2Fwp%2Fv2%2Fmedia&parent=2691"}],"wp:term":[{"taxonomy":"category","embeddable":true,"href":"https:\/\/www.pecpisz.pl\/index.php?rest_route=%2Fwp%2Fv2%2Fcategories&post=2691"},{"taxonomy":"post_tag","embeddable":true,"href":"https:\/\/www.pecpisz.pl\/index.php?rest_route=%2Fwp%2Fv2%2Ftags&post=2691"}],"curies":[{"name":"wp","href":"https:\/\/api.w.org\/{rel}","templated":true}]}}