{"id":32,"date":"2013-02-28T10:10:02","date_gmt":"2013-02-28T09:10:02","guid":{"rendered":"http:\/\/www.pecpisz.pl\/?page_id=32"},"modified":"2019-02-15T14:16:59","modified_gmt":"2019-02-15T13:16:59","slug":"przedmiot-dzialalnosci","status":"publish","type":"page","link":"https:\/\/www.pecpisz.pl\/?page_id=32","title":{"rendered":"Przedmiot dzia\u0142alno\u015bci"},"content":{"rendered":"<p>Przedmiotem dzia\u0142alno\u015bci Sp\u00f3\u0142ki jest prowadzenie dzia\u0142alno\u015bci wytw\u00f3rczej, us\u0142ugowej oraz handlowej, a w szczeg\u00f3lno\u015bci:<br \/>\n1.PKD 2007 3530Z wytwarzanie i zaopatrywanie w par\u0119 wodn\u0105, gor\u0105c\u0105 wod\u0119 i powietrze do uk\u0142ad\u00f3w klimatyzacyjnych.<br \/>\n2.PKD 2007 4322Z wykonywanie instalacji wodno-kanalizacyjnych, cieplnych, gazowych i klimatyzacyjnych.<br \/>\n3. PKD 2007 4719Z pozosta\u0142a sprzeda\u017c detaliczna prowadzona w niewyspecjalizowanych sklepach.<br \/>\n4. PKD 2007 4941Z transport drogowy towar\u00f3w.<br \/>\n5. PKD 2007 7112Z dzia\u0142alno\u015b\u0107 w zakresie in\u017cynierii i zwi\u0105zane z ni\u0105 doradztwo techniczne.<\/p>\n<p><strong>Tryb dzia\u0142ania Sp\u00f3\u0142ki okre\u015blaj\u0105:<\/strong><\/p>\n<p>&#8211; Ustawa Kodeks sp\u00f3\u0142ek handlowych z dnia 15 wrze\u015bnia 2000 roku (Dz.U.z 2000 r. Nr 94, poz 1037 z p\u00f3\u017an. zmianami).<br \/>\n&#8211; Ustawa o Gospodarce komunalnej z dnia 20 grudnia 1996 roku (Dz.U. z 1997 r. Nr 9, poz.43 z p\u00f3\u017an. zmianami).<br \/>\n&#8211; Ustawa Prawo Energetyczne z dnia 10 kwietnia 1997 roku (Dz.U. z 2006 r. Nr 89, poz.625 z p\u00f3\u017an. zmianami).<br \/>\n&#8211; Rozporz\u0105dzenie Ministra Energii z dnia 22 wrze\u015bnia 2017 roku w sprawie szczeg\u00f3\u0142owych zasad kszta\u0142towania i kalkulacji taryf oraz rozlicze\u0144 z tytu\u0142u zaopatrzenia w ciep\u0142o ( Dz.U.z 2017 r. poz. 1988).<br \/>\n&#8211; Rozporz\u0105dzenie Ministra Gospodarki z dnia 15 stycznia\u00a0 2007 roku w sprawie szczeg\u00f3\u0142owych warunk\u00f3w funkcjonowania system\u00f3w ciep\u0142owniczych (Dz.U. z 2007 r. Nr 16 poz.92).<br \/>\n&#8211; Ustawa o Zam\u00f3wieniach publicznych z dnia 29 stycze\u0144 2004 roku (Dz. U. z 2004 r. Nr 19, poz. 177).<br \/>\n&#8211; Ustawa Prawo Ochrony \u015arodowiska z dnia 27 kwietnia 1997 roku (tekst jednolity Dz.U. z 2006 r. Nr. 129, poz. 902).<\/p>\n<p>Na podstawie ustawy Prawo Energetyczne (Dz.U.z 1997 r. Nr 54, poz.348, Nr 158, poz 1042 oraz z 1998 r. Nr 94, poz 594 i Nr 106, poz.66) udzielono Sp\u00f3\u0142ce w dniu 05.11.1998 roku koncesji na:<br \/>\n&#8211; wytwarzanie energii cieplnej &#8211; WCC\/517\/274\/U\/OT-7\/98\/TK z p\u00f3\u017aniejszymi zmianami,<br \/>\n&#8211; przesy\u0142 i dystrybucja energii cieplnej &#8211; PCC\/545\/274\/U\/OT-7\/98\/TK z p\u00f3\u017aniejszymi zmianami.<\/p>\n<p>&nbsp;<\/p>\n","protected":false},"excerpt":{"rendered":"<p>Przedmiotem dzia\u0142alno\u015bci Sp\u00f3\u0142ki jest prowadzenie dzia\u0142alno\u015bci wytw\u00f3rczej, us\u0142ugowej oraz handlowej, a w szczeg\u00f3lno\u015bci: 1.PKD 2007 3530Z wytwarzanie i zaopatrywanie w par\u0119 wodn\u0105, gor\u0105c\u0105 wod\u0119 i powietrze do uk\u0142ad\u00f3w klimatyzacyjnych. 2.PKD 2007 4322Z wykonywanie instalacji wodno-kanalizacyjnych, cieplnych, gazowych i klimatyzacyjnych. 3. PKD 2007 4719Z pozosta\u0142a sprzeda\u017c detaliczna prowadzona w niewyspecjalizowanych sklepach. 4. PKD 2007 4941Z transport [&hellip;]<\/p>\n","protected":false},"author":1,"featured_media":0,"parent":0,"menu_order":0,"comment_status":"open","ping_status":"open","template":"","meta":{"footnotes":""},"categories":[6],"tags":[],"class_list":["post-32","page","type-page","status-publish","hentry","category-informacje-o-firmie"],"_links":{"self":[{"href":"https:\/\/www.pecpisz.pl\/index.php?rest_route=\/wp\/v2\/pages\/32","targetHints":{"allow":["GET"]}}],"collection":[{"href":"https:\/\/www.pecpisz.pl\/index.php?rest_route=\/wp\/v2\/pages"}],"about":[{"href":"https:\/\/www.pecpisz.pl\/index.php?rest_route=\/wp\/v2\/types\/page"}],"author":[{"embeddable":true,"href":"https:\/\/www.pecpisz.pl\/index.php?rest_route=\/wp\/v2\/users\/1"}],"replies":[{"embeddable":true,"href":"https:\/\/www.pecpisz.pl\/index.php?rest_route=%2Fwp%2Fv2%2Fcomments&post=32"}],"version-history":[{"count":13,"href":"https:\/\/www.pecpisz.pl\/index.php?rest_route=\/wp\/v2\/pages\/32\/revisions"}],"predecessor-version":[{"id":1192,"href":"https:\/\/www.pecpisz.pl\/index.php?rest_route=\/wp\/v2\/pages\/32\/revisions\/1192"}],"wp:attachment":[{"href":"https:\/\/www.pecpisz.pl\/index.php?rest_route=%2Fwp%2Fv2%2Fmedia&parent=32"}],"wp:term":[{"taxonomy":"category","embeddable":true,"href":"https:\/\/www.pecpisz.pl\/index.php?rest_route=%2Fwp%2Fv2%2Fcategories&post=32"},{"taxonomy":"post_tag","embeddable":true,"href":"https:\/\/www.pecpisz.pl\/index.php?rest_route=%2Fwp%2Fv2%2Ftags&post=32"}],"curies":[{"name":"wp","href":"https:\/\/api.w.org\/{rel}","templated":true}]}}