{"id":36,"date":"2013-02-28T10:31:41","date_gmt":"2013-02-28T09:31:41","guid":{"rendered":"http:\/\/www.pecpisz.pl\/?page_id=36"},"modified":"2019-07-26T13:31:08","modified_gmt":"2019-07-26T11:31:08","slug":"historia","status":"publish","type":"page","link":"https:\/\/www.pecpisz.pl\/?page_id=36","title":{"rendered":"Historia"},"content":{"rendered":"<p>HISTORIA PRZEDSI\u0118BIORSTWA ENERGETYKI CIEPLNEJ SP. Z O.O. W PISZU<\/p>\n<p>W 1975 roku zosta\u0142 utworzony Zak\u0142ad Energetyki Cieplnej w Piszu, by\u0142 jednostk\u0105 podleg\u0142\u0105 Przedsi\u0119biorstwa Energetyki Cieplnej w Gi\u017cycku.<\/p>\n<p>Zak\u0142ad Energetyki Cieplnej w Piszu obs\u0142ugiwa\u0142 lokalne kot\u0142ownie w\u0119glowe na terenie miasta Pisz, Orzysz, Bia\u0142ej Piskiej i Miko\u0142ajek.<\/p>\n<p>Zak\u0142ad Energetyki Cieplnej w Piszu eksploatowa\u0142 wysokoparametrow\u0105 sie\u0107 ciep\u0142ownicz\u0105 na terenie miasta Pisz, do kt\u00f3rej ciep\u0142o dostarcza\u0142y Piskie Zak\u0142ady Przemys\u0142u Sklejek w Piszu. W budynkach pod\u0142\u0105czonych do sieci ciep\u0142owniczej zainstalowane by\u0142y hydroelewatory.<\/p>\n<p>W tym czasie z sieci cieplnej ogrzewanych by\u0142o 55 budynk\u00f3w na terenie miasta Pisz, \u0142\u0105czne zapotrzebowanie na moc ciepln\u0105 wynosi\u0142o 8,5 Gcal\/h. Pozosta\u0142e budynki na terenie miasta Pisz ogrzewane by\u0142y przez lokalne kot\u0142ownie w\u0119glowe.<\/p>\n<p>W 1978 r. Zak\u0142ad Energetyki Cieplnej w Piszu zosta\u0142 jednostk\u0105 Wojew\u00f3dzkiego Przedsi\u0119biorstwa Energetyki Cieplnej w Suwa\u0142kach.<\/p>\n<p>W styczniu 1993 r. Zak\u0142ad Energetyki Cieplnej w Piszu przesta\u0142 by\u0107 jednostk\u0105 podleg\u0142\u0105 WPEC w Suwa\u0142kach i przekszta\u0142ci\u0142 si\u0119 w Przedsi\u0119biorstwo Energetyki Cieplnej w Piszu, kt\u00f3re obs\u0142ugiwa\u0142o system ciep\u0142owniczy tylko na terenie miasta Pisz.<\/p>\n<p>Od 1995 roku Przedsi\u0119biorstwo Energetyki Cieplnej w Piszu jest Sp\u00f3\u0142k\u0105 z ograniczon\u0105 odpowiedzialno\u015bci\u0105 i w takiej formie funkcjonuje do dnia dzisiejszego.<\/p>\n<p>W 1999 r. opracowany zosta\u0142 Projekt planu zaopatrzenia w ciep\u0142o miasta Pisz, opisuj\u0105cy kilka wariant\u00f3w zaopatrzenia miasta w ciep\u0142o z wykorzystaniem biomasy.<\/p>\n<p>W grudniu 2000 firma COWI uko\u0144czy\u0142o studium wykonalno\u015bci z analiz\u0105 kilku opcji przysz\u0142ego systemu zaopatrzenia w ciep\u0142o w Piszu. G\u0142\u00f3wnym wnioskiem wynikaj\u0105cym ze studium by\u0142o wykonanie nowej kot\u0142owni na zr\u0119bki drewna w celu zast\u0105pienia du\u017cej ilo\u015bci lokalnych kot\u0142owni w\u0119glowych oraz zaopatrzenia w ciep\u0142o ze Sklejki.<\/p>\n<p>Od czasu przygotowania planu zaopatrzenia w ciep\u0142o, w\u0142adze Pisza postanowi\u0142y uniezale\u017cni\u0107 si\u0119 od dostaw z Fabryki Sklejek. Tak wi\u0119c, podj\u0119to decyzj\u0119 o budowie nowej kot\u0142owni na zr\u0105bki drewna we wschodniej cz\u0119\u015bci miasta na dzia\u0142ce b\u0119d\u0105cej w\u0142asno\u015bci\u0105 gminy.<\/p>\n<p>Dnia 4 lipca 2002 roku miasto Pisz i jego okolice nawiedzi\u0142a wichura, kt\u00f3ra pozostawi\u0142a po sobie ogromne szkody zw\u0142aszcza w okolicznych lasach. Bardzo du\u017cy obszar Puszczy Piskiej uleg\u0142 zniszczeniu. Skutkiem s\u0105 wyrwane, po\u0142amane drzewa oraz du\u017ca ilo\u015b\u0107 karp.<\/p>\n<p>W 2003 r. wybudowano ciep\u0142owni\u0119 na biomas\u0119 o mocy 21 MW. Modernizacja systemu ciep\u0142owniczego miasta Pisz obejmowa\u0142a r\u00f3wnie\u017c wybudowanie ok. 7 km sieci ciep\u0142owniczej wysokoparametrowej w systemie rur preizolowanych, monta\u017c 71 wymiennikowych w\u0119z\u0142\u00f3w cieplnych w miejsce hydroelewator\u00f3w i zlikwidowanych lokalnych kot\u0142owni w\u0119glowych.<\/p>\n<p>Wykaz zlikwidowanych lokalnych kot\u0142owni w\u0119glowych:<\/p>\n<p>&#8211; Kot\u0142ownia Nr 4, ul. Wojska Polskiego 25 o \u0142\u0105cznej mocy zainstalowanej 0,356 MW<br \/>\n&#8211; Kot\u0142ownia Nr 6, ul. Ga\u0142czy\u0144skiego o \u0142\u0105cznej mocy zainstalowanej 2,4 MW<br \/>\n&#8211; Kot\u0142ownia Nr 9, ul. Gda\u0144ska 4 o \u0142\u0105cznej mocy zainstalowanej 0,07 MW<br \/>\n&#8211; Kot\u0142ownia Nr 10, ul. Gda\u0144ska 14 o \u0142\u0105cznej mocy zainstalowanej 0,5 MW<br \/>\n&#8211; Kot\u0142ownia Nr 11, ul. M\u0142odzie\u017cowa 5 o \u0142\u0105cznej mocy zainstalowanej 0,43 MW<br \/>\n&#8211; Kot\u0142ownia Nr 12, ul. Wojska Polskiego 8 o \u0142\u0105cznej mocy zainstalowanej 1,1 MW<br \/>\n&#8211; Kot\u0142ownia Nr 13, ul. Czerniawskiego o \u0142\u0105cznej mocy zainstalowanej 2,2 MW<br \/>\n&#8211; Kot\u0142ownia Nr 16, ul. Warszawska 55 o \u0142\u0105cznej mocy zainstalowanej 0,2 MW<br \/>\n&#8211; Kot\u0142ownia Nr 8 przy ul. Mickiewicza o mocy zainstalowanej 3,2 MW<br \/>\n&#8211; Kot\u0142ownia Nr 14, Os. Wsch\u00f3d o \u0142\u0105cznej mocy zainstalowanej 3,8 MW<br \/>\n&#8211; Kot\u0142ownia Nr 15 przy ul. Gizewiusza o \u0142\u0105cznej mocy zainstalowanej 3,75 MW<\/p>\n<p>W 2004 roku od systemu zosta\u0142a od\u0142\u0105czona kot\u0142ownia w Fabryce \u201eSKLEJKA \u2013PISZ\u201d S.A. o mocy 11,63 MW.<\/p>\n<p>Przedsi\u0119biorstwo Energetyki Cieplnej Sp. z o.o. w Piszu od 2004 r. rozbudowuje system ciep\u0142owniczy miasta Pisz, przy\u0142\u0105cza do sieci ciep\u0142owniczej nowych odbiorc\u00f3w ciep\u0142a, wymienia kana\u0142owe sieci ciep\u0142ownicze na preizolowane.<\/p>\n","protected":false},"excerpt":{"rendered":"<p>HISTORIA PRZEDSI\u0118BIORSTWA ENERGETYKI CIEPLNEJ SP. Z O.O. W PISZU W 1975 roku zosta\u0142 utworzony Zak\u0142ad Energetyki Cieplnej w Piszu, by\u0142 jednostk\u0105 podleg\u0142\u0105 Przedsi\u0119biorstwa Energetyki Cieplnej w Gi\u017cycku. Zak\u0142ad Energetyki Cieplnej w Piszu obs\u0142ugiwa\u0142 lokalne kot\u0142ownie w\u0119glowe na terenie miasta Pisz, Orzysz, Bia\u0142ej Piskiej i Miko\u0142ajek. Zak\u0142ad Energetyki Cieplnej w Piszu eksploatowa\u0142 wysokoparametrow\u0105 sie\u0107 ciep\u0142ownicz\u0105 na [&hellip;]<\/p>\n","protected":false},"author":1,"featured_media":0,"parent":0,"menu_order":0,"comment_status":"open","ping_status":"open","template":"","meta":{"footnotes":""},"categories":[6],"tags":[],"class_list":["post-36","page","type-page","status-publish","hentry","category-informacje-o-firmie"],"_links":{"self":[{"href":"https:\/\/www.pecpisz.pl\/index.php?rest_route=\/wp\/v2\/pages\/36","targetHints":{"allow":["GET"]}}],"collection":[{"href":"https:\/\/www.pecpisz.pl\/index.php?rest_route=\/wp\/v2\/pages"}],"about":[{"href":"https:\/\/www.pecpisz.pl\/index.php?rest_route=\/wp\/v2\/types\/page"}],"author":[{"embeddable":true,"href":"https:\/\/www.pecpisz.pl\/index.php?rest_route=\/wp\/v2\/users\/1"}],"replies":[{"embeddable":true,"href":"https:\/\/www.pecpisz.pl\/index.php?rest_route=%2Fwp%2Fv2%2Fcomments&post=36"}],"version-history":[{"count":9,"href":"https:\/\/www.pecpisz.pl\/index.php?rest_route=\/wp\/v2\/pages\/36\/revisions"}],"predecessor-version":[{"id":1415,"href":"https:\/\/www.pecpisz.pl\/index.php?rest_route=\/wp\/v2\/pages\/36\/revisions\/1415"}],"wp:attachment":[{"href":"https:\/\/www.pecpisz.pl\/index.php?rest_route=%2Fwp%2Fv2%2Fmedia&parent=36"}],"wp:term":[{"taxonomy":"category","embeddable":true,"href":"https:\/\/www.pecpisz.pl\/index.php?rest_route=%2Fwp%2Fv2%2Fcategories&post=36"},{"taxonomy":"post_tag","embeddable":true,"href":"https:\/\/www.pecpisz.pl\/index.php?rest_route=%2Fwp%2Fv2%2Ftags&post=36"}],"curies":[{"name":"wp","href":"https:\/\/api.w.org\/{rel}","templated":true}]}}