{"id":59,"date":"2013-02-28T11:34:44","date_gmt":"2013-02-28T10:34:44","guid":{"rendered":"http:\/\/www.pecpisz.pl\/?page_id=59"},"modified":"2019-07-26T13:27:31","modified_gmt":"2019-07-26T11:27:31","slug":"cieplo-sieciowe-sie-oplaca","status":"publish","type":"page","link":"https:\/\/www.pecpisz.pl\/?page_id=59","title":{"rendered":"Ciep\u0142o sieciowe si\u0119 op\u0142aca"},"content":{"rendered":"<p>Jest tanie<\/p>\n<p>Ciep\u0142o sieciowe to jedno z najta\u0144szych \u017ar\u00f3de\u0142 ogrzewania na rynku.<br \/>\nPrzy\u0142\u0105czaj\u0105c si\u0119 do miejskiej sieci ciep\u0142owniczej p\u0142acisz jedynie 25% koszt\u00f3w przy\u0142\u0105cza. Reszt\u0119 nak\u0142ad\u00f3w inwestycyjnych , zgodnie z Prawem Energetycznym ponosi PEC.<\/p>\n<p>Jest wygodne i bezpieczne<\/p>\n<p>Ciep\u0142o sieciowe to ci\u0105g\u0142o\u015b\u0107 dostaw, kompleksowa eksploatacja i konserwacja urz\u0105dze\u0144. Nie musisz martwi\u0107 si\u0119 o zapasy paliwa na sezon zimowy, o miejsce w budynku dla ich sk\u0142adowania, nie zanieczyszczasz \u015brodowiska &#8211; nie produkujesz popio\u0142u i dymu. Jest przy tym ciche i bezobs\u0142ugowe.<br \/>\nTrafia do Twojego budynku dostosowane do indywidualnych potrzeb, w odpowiedniej temperaturze. Jako\u015b\u0107 i bezpiecze\u0144stwo gwarantuje PEC, poprzez urz\u0105dzenia monitoringu, kontrol\u0119 takich parametr\u00f3w jak temperatura i przep\u0142yw.<br \/>\nCiep\u0142o sieciowe , co bardzo wa\u017cne, nie stwarza zagro\u017cenia po\u017carowego.<\/p>\n<p>Jest dost\u0119pne przez ca\u0142y rok<\/p>\n<p>Ciep\u0142o sieciowe jest produkowane i dostarczane przez ca\u0142y rok \u2013 zim\u0105 dla potrzeb c.o. i c.w.u. latem dla potrzeb c.w.u..<\/p>\n<p>Jest ekologiczne i zdrowe.<\/p>\n<p>Miejski system ciep\u0142owniczy uznawany jest za najbardziej racjonalny je\u015bli chodzi o jako\u015b\u0107 powietrza, st\u0105d m\u00f3wi si\u0119 o nim &#8211; proekologiczny. Proces produkcji ciep\u0142a poddawany jest \u015bcis\u0142ym kontrolom, maj\u0105cym na celu utrzymanie surowych normy ochrony \u015brodowiska (emisja substancji).<br \/>\nCiep\u0142o sieciowe to spos\u00f3b na likwidacj\u0119 bardzo szkodliwej dla \u015brodowiska i zdrowia mieszka\u0144c\u00f3w niskiej emisji, pochodz\u0105cej g\u0142\u00f3wnie z indywidualnych palenisk domowych.<br \/>\nPrzy\u0142\u0105czenie budynku do miejskiej sieci ciep\u0142owniczej nie powoduje emisji zanieczyszcze\u0144 do atmosfery w miejscu przy\u0142\u0105cza. Dzi\u0119ki temu mieszka\u0144cy przebywaj\u0105 w otoczeniu wolnym od emisji i zanieczyszcze\u0144, tzn. w \u015brodowisku zdrowym.<\/p>\n","protected":false},"excerpt":{"rendered":"<p>Jest tanie Ciep\u0142o sieciowe to jedno z najta\u0144szych \u017ar\u00f3de\u0142 ogrzewania na rynku. Przy\u0142\u0105czaj\u0105c si\u0119 do miejskiej sieci ciep\u0142owniczej p\u0142acisz jedynie 25% koszt\u00f3w przy\u0142\u0105cza. Reszt\u0119 nak\u0142ad\u00f3w inwestycyjnych , zgodnie z Prawem Energetycznym ponosi PEC. Jest wygodne i bezpieczne Ciep\u0142o sieciowe to ci\u0105g\u0142o\u015b\u0107 dostaw, kompleksowa eksploatacja i konserwacja urz\u0105dze\u0144. Nie musisz martwi\u0107 si\u0119 o zapasy paliwa na [&hellip;]<\/p>\n","protected":false},"author":1,"featured_media":0,"parent":0,"menu_order":0,"comment_status":"open","ping_status":"open","template":"","meta":{"footnotes":""},"categories":[3],"tags":[],"class_list":["post-59","page","type-page","status-publish","hentry","category-obsluga-klienta"],"_links":{"self":[{"href":"https:\/\/www.pecpisz.pl\/index.php?rest_route=\/wp\/v2\/pages\/59","targetHints":{"allow":["GET"]}}],"collection":[{"href":"https:\/\/www.pecpisz.pl\/index.php?rest_route=\/wp\/v2\/pages"}],"about":[{"href":"https:\/\/www.pecpisz.pl\/index.php?rest_route=\/wp\/v2\/types\/page"}],"author":[{"embeddable":true,"href":"https:\/\/www.pecpisz.pl\/index.php?rest_route=\/wp\/v2\/users\/1"}],"replies":[{"embeddable":true,"href":"https:\/\/www.pecpisz.pl\/index.php?rest_route=%2Fwp%2Fv2%2Fcomments&post=59"}],"version-history":[{"count":5,"href":"https:\/\/www.pecpisz.pl\/index.php?rest_route=\/wp\/v2\/pages\/59\/revisions"}],"predecessor-version":[{"id":1413,"href":"https:\/\/www.pecpisz.pl\/index.php?rest_route=\/wp\/v2\/pages\/59\/revisions\/1413"}],"wp:attachment":[{"href":"https:\/\/www.pecpisz.pl\/index.php?rest_route=%2Fwp%2Fv2%2Fmedia&parent=59"}],"wp:term":[{"taxonomy":"category","embeddable":true,"href":"https:\/\/www.pecpisz.pl\/index.php?rest_route=%2Fwp%2Fv2%2Fcategories&post=59"},{"taxonomy":"post_tag","embeddable":true,"href":"https:\/\/www.pecpisz.pl\/index.php?rest_route=%2Fwp%2Fv2%2Ftags&post=59"}],"curies":[{"name":"wp","href":"https:\/\/api.w.org\/{rel}","templated":true}]}}