{"id":64,"date":"2013-02-28T11:39:35","date_gmt":"2013-02-28T10:39:35","guid":{"rendered":"http:\/\/www.pecpisz.pl\/?page_id=64"},"modified":"2019-02-15T14:10:26","modified_gmt":"2019-02-15T13:10:26","slug":"cieplownia","status":"publish","type":"page","link":"https:\/\/www.pecpisz.pl\/?page_id=64","title":{"rendered":"Ciep\u0142ownia"},"content":{"rendered":"<p>Ciep\u0142ownia miejska w Piszu o mocy 21 MW spalaj\u0105ca biomas\u0119 zosta\u0142a uruchomiona w 2003 r., wytwarza energi\u0119 ciepln\u0105 na cele centralnego ogrzewania i ciep\u0142ej wody u\u017cytkowej miasta Pisz.<\/p>\n<p>Wyposa\u017cenie obiektu stanowi\u0105 3 kot\u0142y typu VRF 6000 o mocy nominalnej 6 MW ka\u017cdy oraz jeden kocio\u0142 typu VRF 3000 o mocy 3 MW. Kot\u0142y s\u0105 produkcji szwajcarskiej firmy Polytechnik. Kot\u0142y przystosowane s\u0105 do spalania biomasy w postaci zr\u0119bk\u00f3w drzewnych i kory. Kot\u0142y posiadaj\u0105 specjalne rozwi\u0105zania techniczne ograniczaj\u0105ce emisje ze spalania drewna.<\/p>\n<p>Emisje py\u0142\u00f3w ograniczane s\u0105 poprzez odpylacze multicyklonowe\u00a0 zamontowane za ka\u017cdym kot\u0142em.<\/p>\n<p>Spaliny s\u0105 odprowadzane do atmosfery indywidualnymi kominami o wysoko\u015bci 28 m n.p.t.<\/p>\n<p>Ciep\u0142ownia wyposa\u017cona jest w instalacj\u0119 uzdatniania i uzupe\u0142niania wody, instalacj\u0119 podawania paliwa do kot\u0142\u00f3w oraz instalacj\u0119 odprowadzania popio\u0142u.<\/p>\n<p>Ciep\u0142ownia eksploatowana jest praktycznie przez ca\u0142y rok ze zmiennym obci\u0105\u017ceniem cieplnym, uzale\u017cnionym od zewn\u0119trznych warunk\u00f3w pogodowych i zapotrzebowania na ciep\u0142\u0105 wod\u0119 u\u017cytkow\u0105. W okresie grzewczym w ekstremalnych warunkach pracuj\u0105 wszystkie kot\u0142y, natomiast w okresie poza grzewczym jeden kocio\u0142 na potrzeby ciep\u0142ej wody u\u017cytkowej o mocy 3 MW.<\/p>\n","protected":false},"excerpt":{"rendered":"<p>Ciep\u0142ownia miejska w Piszu o mocy 21 MW spalaj\u0105ca biomas\u0119 zosta\u0142a uruchomiona w 2003 r., wytwarza energi\u0119 ciepln\u0105 na cele centralnego ogrzewania i ciep\u0142ej wody u\u017cytkowej miasta Pisz. Wyposa\u017cenie obiektu stanowi\u0105 3 kot\u0142y typu VRF 6000 o mocy nominalnej 6 MW ka\u017cdy oraz jeden kocio\u0142 typu VRF 3000 o mocy 3 MW. Kot\u0142y s\u0105 produkcji [&hellip;]<\/p>\n","protected":false},"author":1,"featured_media":0,"parent":0,"menu_order":0,"comment_status":"open","ping_status":"open","template":"","meta":{"footnotes":""},"categories":[9],"tags":[],"class_list":["post-64","page","type-page","status-publish","hentry","category-system-cieplowniczy"],"_links":{"self":[{"href":"https:\/\/www.pecpisz.pl\/index.php?rest_route=\/wp\/v2\/pages\/64","targetHints":{"allow":["GET"]}}],"collection":[{"href":"https:\/\/www.pecpisz.pl\/index.php?rest_route=\/wp\/v2\/pages"}],"about":[{"href":"https:\/\/www.pecpisz.pl\/index.php?rest_route=\/wp\/v2\/types\/page"}],"author":[{"embeddable":true,"href":"https:\/\/www.pecpisz.pl\/index.php?rest_route=\/wp\/v2\/users\/1"}],"replies":[{"embeddable":true,"href":"https:\/\/www.pecpisz.pl\/index.php?rest_route=%2Fwp%2Fv2%2Fcomments&post=64"}],"version-history":[{"count":11,"href":"https:\/\/www.pecpisz.pl\/index.php?rest_route=\/wp\/v2\/pages\/64\/revisions"}],"predecessor-version":[{"id":1189,"href":"https:\/\/www.pecpisz.pl\/index.php?rest_route=\/wp\/v2\/pages\/64\/revisions\/1189"}],"wp:attachment":[{"href":"https:\/\/www.pecpisz.pl\/index.php?rest_route=%2Fwp%2Fv2%2Fmedia&parent=64"}],"wp:term":[{"taxonomy":"category","embeddable":true,"href":"https:\/\/www.pecpisz.pl\/index.php?rest_route=%2Fwp%2Fv2%2Fcategories&post=64"},{"taxonomy":"post_tag","embeddable":true,"href":"https:\/\/www.pecpisz.pl\/index.php?rest_route=%2Fwp%2Fv2%2Ftags&post=64"}],"curies":[{"name":"wp","href":"https:\/\/api.w.org\/{rel}","templated":true}]}}