{"id":68,"date":"2013-02-28T11:41:00","date_gmt":"2013-02-28T10:41:00","guid":{"rendered":"http:\/\/www.pecpisz.pl\/?page_id=68"},"modified":"2021-03-09T14:35:07","modified_gmt":"2021-03-09T13:35:07","slug":"sieci-cieplne","status":"publish","type":"page","link":"https:\/\/www.pecpisz.pl\/?page_id=68","title":{"rendered":"Sieci cieplne"},"content":{"rendered":"<p>Sieci ciep\u0142ownicze i zewn\u0119trzne instalacje odbiorcze budowane s\u0105 w systemie rur preizolowanych, co zmniejsza straty ciep\u0142a podczas przesy\u0142ania no\u015bnika ciep\u0142a. Zakres \u015brednic stosowanych w systemie ciep\u0142owniczym od DN 300 mm do DN 20 mm<\/p>\n<p>&#8211; sie\u0107 ciep\u0142ownicza wysokoparametrowa nale\u017c\u0105ca do PEC Pisz o d\u0142ugo\u015bci\u00a017,403 km w systemie rur preizolowanych (stan na dzie\u0144 31.12.2020)<\/p>\n<p>&#8211; zewn\u0119trzne instalacje odbiorcze nale\u017c\u0105ce do PEC Pisz o d\u0142ugo\u015bci\u00a04,977 km w tym 4,776 km w systemie rur preizolowanych (stan na dzie\u0144 31.12.2020)<\/p>\n<p>&nbsp;<\/p>\n","protected":false},"excerpt":{"rendered":"<p>Sieci ciep\u0142ownicze i zewn\u0119trzne instalacje odbiorcze budowane s\u0105 w systemie rur preizolowanych, co zmniejsza straty ciep\u0142a podczas przesy\u0142ania no\u015bnika ciep\u0142a. Zakres \u015brednic stosowanych w systemie ciep\u0142owniczym od DN 300 mm do DN 20 mm &#8211; sie\u0107 ciep\u0142ownicza wysokoparametrowa nale\u017c\u0105ca do PEC Pisz o d\u0142ugo\u015bci\u00a017,403 km w systemie rur preizolowanych (stan na dzie\u0144 31.12.2020) &#8211; zewn\u0119trzne [&hellip;]<\/p>\n","protected":false},"author":1,"featured_media":0,"parent":0,"menu_order":0,"comment_status":"open","ping_status":"open","template":"","meta":{"footnotes":""},"categories":[9],"tags":[],"class_list":["post-68","page","type-page","status-publish","hentry","category-system-cieplowniczy"],"_links":{"self":[{"href":"https:\/\/www.pecpisz.pl\/index.php?rest_route=\/wp\/v2\/pages\/68","targetHints":{"allow":["GET"]}}],"collection":[{"href":"https:\/\/www.pecpisz.pl\/index.php?rest_route=\/wp\/v2\/pages"}],"about":[{"href":"https:\/\/www.pecpisz.pl\/index.php?rest_route=\/wp\/v2\/types\/page"}],"author":[{"embeddable":true,"href":"https:\/\/www.pecpisz.pl\/index.php?rest_route=\/wp\/v2\/users\/1"}],"replies":[{"embeddable":true,"href":"https:\/\/www.pecpisz.pl\/index.php?rest_route=%2Fwp%2Fv2%2Fcomments&post=68"}],"version-history":[{"count":9,"href":"https:\/\/www.pecpisz.pl\/index.php?rest_route=\/wp\/v2\/pages\/68\/revisions"}],"predecessor-version":[{"id":1916,"href":"https:\/\/www.pecpisz.pl\/index.php?rest_route=\/wp\/v2\/pages\/68\/revisions\/1916"}],"wp:attachment":[{"href":"https:\/\/www.pecpisz.pl\/index.php?rest_route=%2Fwp%2Fv2%2Fmedia&parent=68"}],"wp:term":[{"taxonomy":"category","embeddable":true,"href":"https:\/\/www.pecpisz.pl\/index.php?rest_route=%2Fwp%2Fv2%2Fcategories&post=68"},{"taxonomy":"post_tag","embeddable":true,"href":"https:\/\/www.pecpisz.pl\/index.php?rest_route=%2Fwp%2Fv2%2Ftags&post=68"}],"curies":[{"name":"wp","href":"https:\/\/api.w.org\/{rel}","templated":true}]}}