{"id":70,"date":"2013-02-28T11:41:43","date_gmt":"2013-02-28T10:41:43","guid":{"rendered":"http:\/\/www.pecpisz.pl\/?page_id=70"},"modified":"2021-03-09T14:35:37","modified_gmt":"2021-03-09T13:35:37","slug":"wezly-cieplne","status":"publish","type":"page","link":"https:\/\/www.pecpisz.pl\/?page_id=70","title":{"rendered":"W\u0119z\u0142y cieplne"},"content":{"rendered":"<p>W systemie ciep\u0142owniczym posiadamy w\u0119z\u0142y ciep\u0142ownicze kompaktowe jednofunkcyjne na cele c.o. i dwufunkcyjne na cele c.o.+c.w.u. Wszystkie w\u0119z\u0142y wyposa\u017cone s\u0105 w uk\u0142ady automatycznej regulacji. Prawie wszystkie uk\u0142ady pomiarowo \u2013 rozliczeniowe wyposa\u017cone s\u0105 w modu\u0142y umo\u017cliwiaj\u0105ce ich radiowy odczyt.<\/p>\n<p>Ilo\u015b\u0107 indywidualnych i grupowych w\u0119z\u0142\u00f3w \u2013 247 szt. (stan na dzie\u0144 31.12.2020 r.)<\/p>\n","protected":false},"excerpt":{"rendered":"<p>W systemie ciep\u0142owniczym posiadamy w\u0119z\u0142y ciep\u0142ownicze kompaktowe jednofunkcyjne na cele c.o. i dwufunkcyjne na cele c.o.+c.w.u. Wszystkie w\u0119z\u0142y wyposa\u017cone s\u0105 w uk\u0142ady automatycznej regulacji. Prawie wszystkie uk\u0142ady pomiarowo \u2013 rozliczeniowe wyposa\u017cone s\u0105 w modu\u0142y umo\u017cliwiaj\u0105ce ich radiowy odczyt. Ilo\u015b\u0107 indywidualnych i grupowych w\u0119z\u0142\u00f3w \u2013 247 szt. (stan na dzie\u0144 31.12.2020 r.)<\/p>\n","protected":false},"author":1,"featured_media":0,"parent":0,"menu_order":0,"comment_status":"open","ping_status":"open","template":"","meta":{"footnotes":""},"categories":[9],"tags":[],"class_list":["post-70","page","type-page","status-publish","hentry","category-system-cieplowniczy"],"_links":{"self":[{"href":"https:\/\/www.pecpisz.pl\/index.php?rest_route=\/wp\/v2\/pages\/70","targetHints":{"allow":["GET"]}}],"collection":[{"href":"https:\/\/www.pecpisz.pl\/index.php?rest_route=\/wp\/v2\/pages"}],"about":[{"href":"https:\/\/www.pecpisz.pl\/index.php?rest_route=\/wp\/v2\/types\/page"}],"author":[{"embeddable":true,"href":"https:\/\/www.pecpisz.pl\/index.php?rest_route=\/wp\/v2\/users\/1"}],"replies":[{"embeddable":true,"href":"https:\/\/www.pecpisz.pl\/index.php?rest_route=%2Fwp%2Fv2%2Fcomments&post=70"}],"version-history":[{"count":7,"href":"https:\/\/www.pecpisz.pl\/index.php?rest_route=\/wp\/v2\/pages\/70\/revisions"}],"predecessor-version":[{"id":1919,"href":"https:\/\/www.pecpisz.pl\/index.php?rest_route=\/wp\/v2\/pages\/70\/revisions\/1919"}],"wp:attachment":[{"href":"https:\/\/www.pecpisz.pl\/index.php?rest_route=%2Fwp%2Fv2%2Fmedia&parent=70"}],"wp:term":[{"taxonomy":"category","embeddable":true,"href":"https:\/\/www.pecpisz.pl\/index.php?rest_route=%2Fwp%2Fv2%2Fcategories&post=70"},{"taxonomy":"post_tag","embeddable":true,"href":"https:\/\/www.pecpisz.pl\/index.php?rest_route=%2Fwp%2Fv2%2Ftags&post=70"}],"curies":[{"name":"wp","href":"https:\/\/api.w.org\/{rel}","templated":true}]}}